{"id":3464,"date":"2025-06-13T13:24:27","date_gmt":"2025-06-13T10:24:27","guid":{"rendered":"https:\/\/nuvalo.fi\/lost-password\/"},"modified":"2025-06-25T11:14:44","modified_gmt":"2025-06-25T08:14:44","slug":"lost-password","status":"publish","type":"page","link":"https:\/\/nuvalo.fi\/en\/lost-password\/","title":{"rendered":"Lost Password"},"content":{"rendered":"\t\t<div data-elementor-type=\"wp-page\" data-elementor-id=\"3464\" class=\"elementor elementor-3464\" data-elementor-post-type=\"page\">\n\t\t\t\t<div data-particle_enable=\"false\" data-particle-mobile-disabled=\"false\" class=\"elementor-element elementor-element-5b165a20 e-flex e-con-boxed e-con e-parent\" data-id=\"5b165a20\" data-element_type=\"container\">\n\t\t\t\t\t<div class=\"e-con-inner\">\n\t\t\t\t<div class=\"elementor-element elementor-element-310b3316 elementor-widget elementor-widget-shortcode\" data-id=\"310b3316\" data-element_type=\"widget\" data-widget_type=\"shortcode.default\">\n\t\t\t\t<div class=\"elementor-widget-container\">\n\t\t\t\t\t\t\t<div class=\"elementor-shortcode\">\r\n<div id=\"password-lost-form-wrap\">\r\n\r\n\t\r\n\t\r\n\t<form id=\"lostpasswordform\" method=\"post\" class=\"account-page-form\">\r\n\t\t<fieldset>\r\n\t\t\t<legend>Reset password<\/legend>\r\n\r\n\t\t\t<div class=\"somfrp-lost-pass-form-text\">\r\n\t\t\t\t<p class=\"extra-space\">Please enter your email address or username. You will receive a link to create a new password via email.<\/p>\t\t\t<\/div>\r\n\r\n\t\t\t<p class=\"no-margin\">\r\n\t\t\t\t<label for=\"somfrp_user_info\">Email Address or Username<\/label>\r\n\t\t\t\t<input type=\"text\" name=\"somfrp_user_info\" id=\"somfrp_user_info\" required autocomplete=\"username\">\r\n\t\t\t<\/p>\r\n\t\t\t\r\n\r\n\t\t\t<div class=\"lostpassword-submit\">\r\n\t\t\t\t<input type=\"hidden\" id=\"somfrp_nonce\" name=\"somfrp_nonce\" value=\"2ce59a442f\" \/><input type=\"hidden\" name=\"_wp_http_referer\" value=\"\/en\/wp-json\/wp\/v2\/pages\/3464\" \/>\t\t\t\t<input type=\"hidden\" name=\"submitted\" id=\"submitted\" value=\"true\">\r\n\t\t\t\t<input type=\"hidden\" name=\"somfrp_action\" id=\"somfrp_post_action\" value=\"somfrp_lost_pass\">\r\n\t\t\t\t<button type=\"submit\" id=\"reset-pass-submit\" name=\"reset-pass-submit\" class=\"button big-btn\">Reset Password<\/button>\r\n\t\t\t<\/div>\r\n\r\n\t\t<\/fieldset>\r\n\t<\/form>\r\n\r\n<\/div><\/div>\n\t\t\t\t\t\t<\/div>\n\t\t\t\t<\/div>\n\t\t\t\t\t<\/div>\n\t\t\t\t<\/div>\n\t\t\t\t<\/div>\n\t\t","protected":false},"excerpt":{"rendered":"","protected":false},"author":5,"featured_media":0,"parent":0,"menu_order":0,"comment_status":"closed","ping_status":"closed","template":"","meta":{"_acf_changed":false,"footnotes":""},"class_list":["post-3464","page","type-page","status-publish","hentry"],"acf":[],"yoast_head":"<!-- This site is optimized with the Yoast SEO plugin v27.4 - https:\/\/yoast.com\/product\/yoast-seo-wordpress\/ -->\n<title>Lost Password - Nuvalo Finland<\/title>\n<meta name=\"robots\" content=\"index, follow, max-snippet:-1, max-image-preview:large, max-video-preview:-1\" \/>\n<link rel=\"canonical\" href=\"https:\/\/nuvalo.fi\/en\/lost-password\/\" \/>\n<meta property=\"og:locale\" content=\"en_US\" \/>\n<meta property=\"og:type\" content=\"article\" \/>\n<meta property=\"og:title\" content=\"Lost Password - Nuvalo Finland\" \/>\n<meta property=\"og:url\" content=\"https:\/\/nuvalo.fi\/en\/lost-password\/\" \/>\n<meta property=\"og:site_name\" content=\"Nuvalo Finland\" \/>\n<meta property=\"article:publisher\" content=\"https:\/\/www.facebook.com\/www.nuvalo.lv\/\" \/>\n<meta property=\"article:modified_time\" content=\"2025-06-25T08:14:44+00:00\" \/>\n<meta name=\"twitter:card\" content=\"summary_large_image\" \/>\n<script type=\"application\/ld+json\" class=\"yoast-schema-graph\">{\"@context\":\"https:\\\/\\\/schema.org\",\"@graph\":[{\"@type\":\"WebPage\",\"@id\":\"https:\\\/\\\/nuvalo.fi\\\/en\\\/lost-password\\\/\",\"url\":\"https:\\\/\\\/nuvalo.fi\\\/en\\\/lost-password\\\/\",\"name\":\"Lost Password - Nuvalo Finland\",\"isPartOf\":{\"@id\":\"https:\\\/\\\/nuvalo.fi\\\/en\\\/#website\"},\"datePublished\":\"2025-06-13T10:24:27+00:00\",\"dateModified\":\"2025-06-25T08:14:44+00:00\",\"breadcrumb\":{\"@id\":\"https:\\\/\\\/nuvalo.fi\\\/en\\\/lost-password\\\/#breadcrumb\"},\"inLanguage\":\"en-US\",\"potentialAction\":[{\"@type\":\"ReadAction\",\"target\":[\"https:\\\/\\\/nuvalo.fi\\\/en\\\/lost-password\\\/\"]}]},{\"@type\":\"BreadcrumbList\",\"@id\":\"https:\\\/\\\/nuvalo.fi\\\/en\\\/lost-password\\\/#breadcrumb\",\"itemListElement\":[{\"@type\":\"ListItem\",\"position\":1,\"name\":\"Home\",\"item\":\"https:\\\/\\\/nuvalo.fi\\\/en\\\/\"},{\"@type\":\"ListItem\",\"position\":2,\"name\":\"Lost Password\"}]},{\"@type\":\"WebSite\",\"@id\":\"https:\\\/\\\/nuvalo.fi\\\/en\\\/#website\",\"url\":\"https:\\\/\\\/nuvalo.fi\\\/en\\\/\",\"name\":\"Nuvalo O\u00dc - K\u00d5IK PERSONALITEENUSED \u00dcHEST KOHAST!\",\"description\":\"-\",\"publisher\":{\"@id\":\"https:\\\/\\\/nuvalo.fi\\\/en\\\/#organization\"},\"potentialAction\":[{\"@type\":\"SearchAction\",\"target\":{\"@type\":\"EntryPoint\",\"urlTemplate\":\"https:\\\/\\\/nuvalo.fi\\\/en\\\/?s={search_term_string}\"},\"query-input\":{\"@type\":\"PropertyValueSpecification\",\"valueRequired\":true,\"valueName\":\"search_term_string\"}}],\"inLanguage\":\"en-US\"},{\"@type\":\"Organization\",\"@id\":\"https:\\\/\\\/nuvalo.fi\\\/en\\\/#organization\",\"name\":\"Nuvalo O\u00dc\",\"url\":\"https:\\\/\\\/nuvalo.fi\\\/en\\\/\",\"logo\":{\"@type\":\"ImageObject\",\"inLanguage\":\"en-US\",\"@id\":\"https:\\\/\\\/nuvalo.fi\\\/en\\\/#\\\/schema\\\/logo\\\/image\\\/\",\"url\":\"https:\\\/\\\/nuvalo.fi\\\/wp-content\\\/uploads\\\/2019\\\/04\\\/nuvalo_logo-500.png\",\"contentUrl\":\"https:\\\/\\\/nuvalo.fi\\\/wp-content\\\/uploads\\\/2019\\\/04\\\/nuvalo_logo-500.png\",\"width\":500,\"height\":141,\"caption\":\"Nuvalo O\u00dc\"},\"image\":{\"@id\":\"https:\\\/\\\/nuvalo.fi\\\/en\\\/#\\\/schema\\\/logo\\\/image\\\/\"},\"sameAs\":[\"https:\\\/\\\/www.facebook.com\\\/www.nuvalo.lv\\\/\"]}]}<\/script>\n<!-- \/ Yoast SEO plugin. -->","yoast_head_json":{"title":"Lost Password - Nuvalo Finland","robots":{"index":"index","follow":"follow","max-snippet":"max-snippet:-1","max-image-preview":"max-image-preview:large","max-video-preview":"max-video-preview:-1"},"canonical":"https:\/\/nuvalo.fi\/en\/lost-password\/","og_locale":"en_US","og_type":"article","og_title":"Lost Password - Nuvalo Finland","og_url":"https:\/\/nuvalo.fi\/en\/lost-password\/","og_site_name":"Nuvalo Finland","article_publisher":"https:\/\/www.facebook.com\/www.nuvalo.lv\/","article_modified_time":"2025-06-25T08:14:44+00:00","twitter_card":"summary_large_image","schema":{"@context":"https:\/\/schema.org","@graph":[{"@type":"WebPage","@id":"https:\/\/nuvalo.fi\/en\/lost-password\/","url":"https:\/\/nuvalo.fi\/en\/lost-password\/","name":"Lost Password - Nuvalo Finland","isPartOf":{"@id":"https:\/\/nuvalo.fi\/en\/#website"},"datePublished":"2025-06-13T10:24:27+00:00","dateModified":"2025-06-25T08:14:44+00:00","breadcrumb":{"@id":"https:\/\/nuvalo.fi\/en\/lost-password\/#breadcrumb"},"inLanguage":"en-US","potentialAction":[{"@type":"ReadAction","target":["https:\/\/nuvalo.fi\/en\/lost-password\/"]}]},{"@type":"BreadcrumbList","@id":"https:\/\/nuvalo.fi\/en\/lost-password\/#breadcrumb","itemListElement":[{"@type":"ListItem","position":1,"name":"Home","item":"https:\/\/nuvalo.fi\/en\/"},{"@type":"ListItem","position":2,"name":"Lost Password"}]},{"@type":"WebSite","@id":"https:\/\/nuvalo.fi\/en\/#website","url":"https:\/\/nuvalo.fi\/en\/","name":"Nuvalo O\u00dc - K\u00d5IK PERSONALITEENUSED \u00dcHEST KOHAST!","description":"-","publisher":{"@id":"https:\/\/nuvalo.fi\/en\/#organization"},"potentialAction":[{"@type":"SearchAction","target":{"@type":"EntryPoint","urlTemplate":"https:\/\/nuvalo.fi\/en\/?s={search_term_string}"},"query-input":{"@type":"PropertyValueSpecification","valueRequired":true,"valueName":"search_term_string"}}],"inLanguage":"en-US"},{"@type":"Organization","@id":"https:\/\/nuvalo.fi\/en\/#organization","name":"Nuvalo O\u00dc","url":"https:\/\/nuvalo.fi\/en\/","logo":{"@type":"ImageObject","inLanguage":"en-US","@id":"https:\/\/nuvalo.fi\/en\/#\/schema\/logo\/image\/","url":"https:\/\/nuvalo.fi\/wp-content\/uploads\/2019\/04\/nuvalo_logo-500.png","contentUrl":"https:\/\/nuvalo.fi\/wp-content\/uploads\/2019\/04\/nuvalo_logo-500.png","width":500,"height":141,"caption":"Nuvalo O\u00dc"},"image":{"@id":"https:\/\/nuvalo.fi\/en\/#\/schema\/logo\/image\/"},"sameAs":["https:\/\/www.facebook.com\/www.nuvalo.lv\/"]}]}},"_links":{"self":[{"href":"https:\/\/nuvalo.fi\/en\/wp-json\/wp\/v2\/pages\/3464","targetHints":{"allow":["GET"]}}],"collection":[{"href":"https:\/\/nuvalo.fi\/en\/wp-json\/wp\/v2\/pages"}],"about":[{"href":"https:\/\/nuvalo.fi\/en\/wp-json\/wp\/v2\/types\/page"}],"author":[{"embeddable":true,"href":"https:\/\/nuvalo.fi\/en\/wp-json\/wp\/v2\/users\/5"}],"replies":[{"embeddable":true,"href":"https:\/\/nuvalo.fi\/en\/wp-json\/wp\/v2\/comments?post=3464"}],"version-history":[{"count":5,"href":"https:\/\/nuvalo.fi\/en\/wp-json\/wp\/v2\/pages\/3464\/revisions"}],"predecessor-version":[{"id":3529,"href":"https:\/\/nuvalo.fi\/en\/wp-json\/wp\/v2\/pages\/3464\/revisions\/3529"}],"wp:attachment":[{"href":"https:\/\/nuvalo.fi\/en\/wp-json\/wp\/v2\/media?parent=3464"}],"curies":[{"name":"wp","href":"https:\/\/api.w.org\/{rel}","templated":true}]}}