{"id":3462,"date":"2025-06-13T13:24:27","date_gmt":"2025-06-13T10:24:27","guid":{"rendered":"https:\/\/nuvalo.fi\/login\/"},"modified":"2025-06-13T13:24:27","modified_gmt":"2025-06-13T10:24:27","slug":"login","status":"publish","type":"page","link":"https:\/\/nuvalo.fi\/en\/login\/","title":{"rendered":"Login"},"content":{"rendered":"<p>[user_registration_login]<\/p>\n","protected":false},"excerpt":{"rendered":"<p>[user_registration_login]<\/p>\n","protected":false},"author":5,"featured_media":0,"parent":0,"menu_order":0,"comment_status":"closed","ping_status":"closed","template":"","meta":{"_acf_changed":false,"footnotes":""},"class_list":["post-3462","page","type-page","status-publish","hentry"],"acf":[],"yoast_head":"<!-- This site is optimized with the Yoast SEO plugin v27.4 - https:\/\/yoast.com\/product\/yoast-seo-wordpress\/ -->\n<title>Login - Nuvalo Finland<\/title>\n<meta name=\"robots\" content=\"index, follow, max-snippet:-1, max-image-preview:large, max-video-preview:-1\" \/>\n<link rel=\"canonical\" href=\"https:\/\/nuvalo.fi\/en\/login\/\" \/>\n<meta property=\"og:locale\" content=\"en_US\" \/>\n<meta property=\"og:type\" content=\"article\" \/>\n<meta property=\"og:title\" content=\"Login - Nuvalo Finland\" \/>\n<meta property=\"og:description\" content=\"[user_registration_login]\" \/>\n<meta property=\"og:url\" content=\"https:\/\/nuvalo.fi\/en\/login\/\" \/>\n<meta property=\"og:site_name\" content=\"Nuvalo Finland\" \/>\n<meta property=\"article:publisher\" content=\"https:\/\/www.facebook.com\/www.nuvalo.lv\/\" \/>\n<meta name=\"twitter:card\" content=\"summary_large_image\" \/>\n<script type=\"application\/ld+json\" class=\"yoast-schema-graph\">{\"@context\":\"https:\\\/\\\/schema.org\",\"@graph\":[{\"@type\":\"WebPage\",\"@id\":\"https:\\\/\\\/nuvalo.fi\\\/en\\\/login\\\/\",\"url\":\"https:\\\/\\\/nuvalo.fi\\\/en\\\/login\\\/\",\"name\":\"Login - Nuvalo Finland\",\"isPartOf\":{\"@id\":\"https:\\\/\\\/nuvalo.fi\\\/en\\\/#website\"},\"datePublished\":\"2025-06-13T10:24:27+00:00\",\"breadcrumb\":{\"@id\":\"https:\\\/\\\/nuvalo.fi\\\/en\\\/login\\\/#breadcrumb\"},\"inLanguage\":\"en-US\",\"potentialAction\":[{\"@type\":\"ReadAction\",\"target\":[\"https:\\\/\\\/nuvalo.fi\\\/en\\\/login\\\/\"]}]},{\"@type\":\"BreadcrumbList\",\"@id\":\"https:\\\/\\\/nuvalo.fi\\\/en\\\/login\\\/#breadcrumb\",\"itemListElement\":[{\"@type\":\"ListItem\",\"position\":1,\"name\":\"Home\",\"item\":\"https:\\\/\\\/nuvalo.fi\\\/en\\\/\"},{\"@type\":\"ListItem\",\"position\":2,\"name\":\"Login\"}]},{\"@type\":\"WebSite\",\"@id\":\"https:\\\/\\\/nuvalo.fi\\\/en\\\/#website\",\"url\":\"https:\\\/\\\/nuvalo.fi\\\/en\\\/\",\"name\":\"Nuvalo O\u00dc - K\u00d5IK PERSONALITEENUSED \u00dcHEST KOHAST!\",\"description\":\"-\",\"publisher\":{\"@id\":\"https:\\\/\\\/nuvalo.fi\\\/en\\\/#organization\"},\"potentialAction\":[{\"@type\":\"SearchAction\",\"target\":{\"@type\":\"EntryPoint\",\"urlTemplate\":\"https:\\\/\\\/nuvalo.fi\\\/en\\\/?s={search_term_string}\"},\"query-input\":{\"@type\":\"PropertyValueSpecification\",\"valueRequired\":true,\"valueName\":\"search_term_string\"}}],\"inLanguage\":\"en-US\"},{\"@type\":\"Organization\",\"@id\":\"https:\\\/\\\/nuvalo.fi\\\/en\\\/#organization\",\"name\":\"Nuvalo O\u00dc\",\"url\":\"https:\\\/\\\/nuvalo.fi\\\/en\\\/\",\"logo\":{\"@type\":\"ImageObject\",\"inLanguage\":\"en-US\",\"@id\":\"https:\\\/\\\/nuvalo.fi\\\/en\\\/#\\\/schema\\\/logo\\\/image\\\/\",\"url\":\"https:\\\/\\\/nuvalo.fi\\\/wp-content\\\/uploads\\\/2019\\\/04\\\/nuvalo_logo-500.png\",\"contentUrl\":\"https:\\\/\\\/nuvalo.fi\\\/wp-content\\\/uploads\\\/2019\\\/04\\\/nuvalo_logo-500.png\",\"width\":500,\"height\":141,\"caption\":\"Nuvalo O\u00dc\"},\"image\":{\"@id\":\"https:\\\/\\\/nuvalo.fi\\\/en\\\/#\\\/schema\\\/logo\\\/image\\\/\"},\"sameAs\":[\"https:\\\/\\\/www.facebook.com\\\/www.nuvalo.lv\\\/\"]}]}<\/script>\n<!-- \/ Yoast SEO plugin. -->","yoast_head_json":{"title":"Login - Nuvalo Finland","robots":{"index":"index","follow":"follow","max-snippet":"max-snippet:-1","max-image-preview":"max-image-preview:large","max-video-preview":"max-video-preview:-1"},"canonical":"https:\/\/nuvalo.fi\/en\/login\/","og_locale":"en_US","og_type":"article","og_title":"Login - Nuvalo Finland","og_description":"[user_registration_login]","og_url":"https:\/\/nuvalo.fi\/en\/login\/","og_site_name":"Nuvalo Finland","article_publisher":"https:\/\/www.facebook.com\/www.nuvalo.lv\/","twitter_card":"summary_large_image","schema":{"@context":"https:\/\/schema.org","@graph":[{"@type":"WebPage","@id":"https:\/\/nuvalo.fi\/en\/login\/","url":"https:\/\/nuvalo.fi\/en\/login\/","name":"Login - Nuvalo Finland","isPartOf":{"@id":"https:\/\/nuvalo.fi\/en\/#website"},"datePublished":"2025-06-13T10:24:27+00:00","breadcrumb":{"@id":"https:\/\/nuvalo.fi\/en\/login\/#breadcrumb"},"inLanguage":"en-US","potentialAction":[{"@type":"ReadAction","target":["https:\/\/nuvalo.fi\/en\/login\/"]}]},{"@type":"BreadcrumbList","@id":"https:\/\/nuvalo.fi\/en\/login\/#breadcrumb","itemListElement":[{"@type":"ListItem","position":1,"name":"Home","item":"https:\/\/nuvalo.fi\/en\/"},{"@type":"ListItem","position":2,"name":"Login"}]},{"@type":"WebSite","@id":"https:\/\/nuvalo.fi\/en\/#website","url":"https:\/\/nuvalo.fi\/en\/","name":"Nuvalo O\u00dc - K\u00d5IK PERSONALITEENUSED \u00dcHEST KOHAST!","description":"-","publisher":{"@id":"https:\/\/nuvalo.fi\/en\/#organization"},"potentialAction":[{"@type":"SearchAction","target":{"@type":"EntryPoint","urlTemplate":"https:\/\/nuvalo.fi\/en\/?s={search_term_string}"},"query-input":{"@type":"PropertyValueSpecification","valueRequired":true,"valueName":"search_term_string"}}],"inLanguage":"en-US"},{"@type":"Organization","@id":"https:\/\/nuvalo.fi\/en\/#organization","name":"Nuvalo O\u00dc","url":"https:\/\/nuvalo.fi\/en\/","logo":{"@type":"ImageObject","inLanguage":"en-US","@id":"https:\/\/nuvalo.fi\/en\/#\/schema\/logo\/image\/","url":"https:\/\/nuvalo.fi\/wp-content\/uploads\/2019\/04\/nuvalo_logo-500.png","contentUrl":"https:\/\/nuvalo.fi\/wp-content\/uploads\/2019\/04\/nuvalo_logo-500.png","width":500,"height":141,"caption":"Nuvalo O\u00dc"},"image":{"@id":"https:\/\/nuvalo.fi\/en\/#\/schema\/logo\/image\/"},"sameAs":["https:\/\/www.facebook.com\/www.nuvalo.lv\/"]}]}},"_links":{"self":[{"href":"https:\/\/nuvalo.fi\/en\/wp-json\/wp\/v2\/pages\/3462","targetHints":{"allow":["GET"]}}],"collection":[{"href":"https:\/\/nuvalo.fi\/en\/wp-json\/wp\/v2\/pages"}],"about":[{"href":"https:\/\/nuvalo.fi\/en\/wp-json\/wp\/v2\/types\/page"}],"author":[{"embeddable":true,"href":"https:\/\/nuvalo.fi\/en\/wp-json\/wp\/v2\/users\/5"}],"replies":[{"embeddable":true,"href":"https:\/\/nuvalo.fi\/en\/wp-json\/wp\/v2\/comments?post=3462"}],"version-history":[{"count":0,"href":"https:\/\/nuvalo.fi\/en\/wp-json\/wp\/v2\/pages\/3462\/revisions"}],"wp:attachment":[{"href":"https:\/\/nuvalo.fi\/en\/wp-json\/wp\/v2\/media?parent=3462"}],"curies":[{"name":"wp","href":"https:\/\/api.w.org\/{rel}","templated":true}]}}